{"id":106,"date":"2021-08-23T13:34:39","date_gmt":"2021-08-23T13:34:39","guid":{"rendered":"http:\/\/www.cassybritton.com\/?page_id=106"},"modified":"2023-07-07T10:20:49","modified_gmt":"2023-07-07T10:20:49","slug":"bedste-online-casinoer","status":"publish","type":"page","link":"http:\/\/www.cassybritton.com\/da\/","title":{"rendered":"Cassy\u2019s tips til at finde frem til de bedste danske online casinoer"},"content":{"rendered":"<p>Er du p\u00e5 udkig efter en god side p\u00e5 nettet til at spille p\u00e5 online casino? Nedenfor kan du f\u00e5 mine bedste tips og tricks til at finde frem til de bedste danske casino sider.<\/p>\n<p><!--more--><\/p>\n<h2>Spil p\u00e5 casino med licens<\/h2>\n<p>Det er altid en god ide at spille p\u00e5 et online casino, som har licens. Her kan det v\u00e6re licens fra Spillemyndigheden i Danmark, MGA-licens fra Malta eller en anden form for licens. Hvis du er p\u00e5 udkig efter et <a href=\"https:\/\/udenlandske-casinoer.com\">casino uden licens<\/a>, s\u00e5 er udenlandske casinoer dit valg. Men husk: de er ikke lige s\u00e5 sikre som danske casinoer.<\/p>\n<p><img decoding=\"async\" loading=\"lazy\" class=\"alignnone size-full wp-image-108\" src=\"http:\/\/www.cassybritton.com\/wp-content\/uploads\/2021\/08\/Spillemyndigheden.jpg\" alt=\"Spillemyndigheden\" width=\"760\" height=\"281\" srcset=\"http:\/\/www.cassybritton.com\/wp-content\/uploads\/2021\/08\/Spillemyndigheden.jpg 760w, http:\/\/www.cassybritton.com\/wp-content\/uploads\/2021\/08\/Spillemyndigheden-300x111.jpg 300w\" sizes=\"(max-width: 760px) 100vw, 760px\" \/><\/p>\n<p>S\u00f8rg altid for at v\u00e6re beskyttet p\u00e5 en form, og v\u00e6lg en spilleside med licens. I sidste ende er det en form for stempel, som viser at en spillemyndighed et sted i verden har godkendt den side. Det alene siger meget om hvor godt et casino det er.<\/p>\n<h2><b>Top 10 online casinoer<span class=\"Apple-converted-space\">\u00a0<\/span><\/b><\/h2>\n<table cellspacing=\"0\" cellpadding=\"0\">\n<tbody>\n<tr>\n<td valign=\"bottom\"><b>Online Casino<\/b><\/td>\n<td valign=\"bottom\"><b>Beskrivelse<\/b><\/td>\n<\/tr>\n<tr>\n<td valign=\"bottom\">Mega Slot<\/td>\n<td valign=\"bottom\">Et fremragende online casino med et stort udvalg af spilleautomater samt live casino-spil som roulette og blackjack. Det tilbyder ogs\u00e5 velkomstpakker til nye spillere og forskellige bonusser og kampagner.<\/td>\n<\/tr>\n<tr>\n<td valign=\"bottom\">SpinSamurai<\/td>\n<td valign=\"bottom\">SpinSamurai er et utroligt popul\u00e6rt online casino med h\u00f8je standarder for spiloplevelsen. Spillere kan nyde hundredvis af spilleautomater fra topudbydere som NetEnt, Microgaming, Pragmatic Play, Playson og mange flere. Der er ogs\u00e5 cashback-bonusser, gratis spins og fantastiske velkomstpakker til nye spillere.<\/td>\n<\/tr>\n<tr>\n<td valign=\"bottom\">Joocasino<\/td>\n<td valign=\"bottom\">Joocasino er endnu et godt valg, hvis du vil pr\u00f8ve lykken med online gambling, med en bred vifte af klassiske spilleautomater kombineret med 3D-videoautomater. Deres platform tilbyder forskellige betalingsmuligheder, herunder Bitcoin, samt specielle promo-koder, der garanterer ekstra penge eller gratis spins ved n\u00e6ste indbetaling.<\/td>\n<\/tr>\n<tr>\n<td valign=\"bottom\">Hell Spin<\/td>\n<td valign=\"bottom\">Hell Spin er blevet et af de foretrukne casinoer blandt spillere, prim\u00e6rt p\u00e5 grund af dets fremragende betingelser for betalingsmetoder samt hurtige udbetalingstider. Her kan du spille ikke kun de mest popul\u00e6re spilleautomater, men ogs\u00e5 klassiske bordspil som blackjack og roulette samt daglige jackpots!<\/td>\n<\/tr>\n<tr>\n<td valign=\"bottom\">Golden Crown Casino<\/td>\n<td valign=\"bottom\">Golden Crown Casino er et af de mest betroede online casinoer, da det leverer fremragende tjenester s\u00e5som en hurtig registreringsproces, loyalitetsprogrammer og bonusser samt sikre ind- og udbetalinger via godkendte elektroniske betalingssystemer eller endda kryptovalutaer som Bitcoin og Ethereum! Her kan spillere nyde hundredvis af fede spilleautomater.<\/td>\n<\/tr>\n<tr>\n<td valign=\"bottom\">StayCasino<\/td>\n<td valign=\"bottom\">Ud over at spille spilleautomater eller satse p\u00e5 sport\/live events kan du endda pr\u00f8ve at spille Texas Hold&#8217;em Poker mod andre spillere fra hele verden.<\/td>\n<\/tr>\n<tr>\n<td valign=\"bottom\">SkyCrown<\/td>\n<td valign=\"bottom\">SkyCrown forener en lang tradition for kvalitetsspil med fantastiske bankoplevelser.<\/td>\n<\/tr>\n<tr>\n<td valign=\"bottom\">Rocket Casino<\/td>\n<td valign=\"bottom\">Rocket Casino tilbyder hurtige transaktioner i begge retninger, s\u00e5 kunder aldrig beh\u00f8ver at bekymre sig om noget relateret til indbetaling\/udbetaling af midler fra deres konti. Spil finder sted \u00f8jeblikkeligt efter valg af muligheder p\u00e5 dette websted!<\/td>\n<\/tr>\n<tr>\n<td valign=\"bottom\">Bambet<\/td>\n<td valign=\"bottom\">Bambet skiller sig ud fra alle andre hjemmesider p\u00e5 grund af sin ekstremt professionelle kundesupport via en chat-service, der giver potentielle brugere mulighed for at ans\u00f8ge i realtid. Bambet tilbyder enorme samlinger af b\u00e5de spilleautomater og favoritspil p\u00e5 bordet, herunder store jackpot-odds!<\/td>\n<\/tr>\n<tr>\n<td valign=\"bottom\">Wild Fortune<\/td>\n<td valign=\"bottom\">Wild Fortune giver spillere mulighed for at satse store bel\u00f8b gennem bekvemme bankl\u00f8sninger med avancerede protokoller for at sikre sikre transaktioner hver gang. Dog skal brugerne fuldf\u00f8re Know Your Customer-processen, som kr\u00e6ves i henhold til g\u00e6ldende lovgivning.<\/td>\n<\/tr>\n<\/tbody>\n<\/table>\n<h2>Gennemg\u00e5 siden f\u00f8r du opretter dig<\/h2>\n<p>Der er ingen grund til at forhaste sig med at oprette sig p\u00e5 de bedste danske casinoer. Klik ind p\u00e5 en eller flere forskellige sider og f\u00e5 en smagspr\u00f8ve af oplevelsen. Det kan du g\u00f8re ved at navigere mellem forskellige sektioner. De bedste casino sider giver dig ogs\u00e5 mulighed for at pr\u00f8ve spillene af i demoversion, allerede f\u00f8r du opretter dig.<\/p>\n<h2>Tjek udvalget af spiludviklere<\/h2>\n<p><img decoding=\"async\" loading=\"lazy\" class=\"alignnone size-full wp-image-115\" src=\"http:\/\/www.cassybritton.com\/wp-content\/uploads\/2021\/08\/Slots.jpg\" alt=\"Slots\" width=\"760\" height=\"330\" srcset=\"http:\/\/www.cassybritton.com\/wp-content\/uploads\/2021\/08\/Slots.jpg 760w, http:\/\/www.cassybritton.com\/wp-content\/uploads\/2021\/08\/Slots-300x130.jpg 300w\" sizes=\"(max-width: 760px) 100vw, 760px\" \/><\/p>\n<p>N\u00e5r du gennemg\u00e5r det online casino, er det en god ide at tjekke hvem der leverer spil til siden. Det kan du typisk se i spilsektionen hvor du kan filtrere mellem spiludviklere. Mange spillesider har ogs\u00e5 listet udviklerne op i bunden p\u00e5 siden. De fleste spillere foretr\u00e6kker at kunne v\u00e6lge mellem en bred vifte af anerkendte spiludviklere, s\u00e5 man aldrig kommer til at kede sig.<\/p>\n<h2>G\u00e5 efter en side med live chat kundeservice<\/h2>\n<p>De bedste danske casinoer har en omfattende FAQ-sektion, s\u00e5 du ikke beh\u00f8ver at kontakte supporten. Men det anbefales ogs\u00e5 at oprette sig p\u00e5 en spilleside med live chat kundeservice. Det er efterh\u00e5nden den nemmeste metode til at f\u00e5 support, og de bedste casinoer i Danmark har live chat kundeservice d\u00f8gnet rundt.<\/p>\n<p><img decoding=\"async\" loading=\"lazy\" class=\"alignnone size-full wp-image-113\" src=\"http:\/\/www.cassybritton.com\/wp-content\/uploads\/2021\/08\/Mariacasino-infocenter.jpg\" alt=\"Mariacasino - infocenter\" width=\"760\" height=\"428\" srcset=\"http:\/\/www.cassybritton.com\/wp-content\/uploads\/2021\/08\/Mariacasino-infocenter.jpg 760w, http:\/\/www.cassybritton.com\/wp-content\/uploads\/2021\/08\/Mariacasino-infocenter-300x169.jpg 300w\" sizes=\"(max-width: 760px) 100vw, 760px\" \/><\/p>\n<h2>Dyk ned i kampagnesektionen<\/h2>\n<p>Husk at tjekke sektionen for casino kampagner og tilbud, n\u00e5r du analyserer en spilleside. Her kan du f\u00e5 en ide af om den aktuelle velkomstbonus samt hvilken slags casino bonus spillesiden typisk giver til eksisterende medlemmer.<\/p>\n<p>De bedste danske online casinoer har et loyalitetsprogram med ekstra goder. Husk ogs\u00e5 at kigge p\u00e5 vilk\u00e5r og betingelser, s\u00e5 du f\u00e5r en ide om der er fair krav til at f\u00e5 bonus samt at udbetale den.<\/p>\n<p><img decoding=\"async\" loading=\"lazy\" class=\"alignnone size-full wp-image-111\" src=\"http:\/\/www.cassybritton.com\/wp-content\/uploads\/2021\/08\/Leovegas-Kampagner.jpg\" alt=\"Leovegas - Kampagner\" width=\"760\" height=\"280\" srcset=\"http:\/\/www.cassybritton.com\/wp-content\/uploads\/2021\/08\/Leovegas-Kampagner.jpg 760w, http:\/\/www.cassybritton.com\/wp-content\/uploads\/2021\/08\/Leovegas-Kampagner-300x111.jpg 300w\" sizes=\"(max-width: 760px) 100vw, 760px\" \/><\/p>\n<h2>V\u00e6lg efter din egen smag<\/h2>\n<p>Du kan finde mange lister over de bedste casinoer, som kan hj\u00e6lpe dig. Husk dog altid p\u00e5 at i sidste ende er det dig selv, som bed\u00f8mmer hvilket det bedste sted at spil. F\u00f8l dig aldrig forpligtet til at spille p\u00e5 et popul\u00e6rt eller anbefalet sted. Det er dit valg i den sidste ende.<\/p>\n<h2>Spil ansvarligt<\/h2>\n<p>Det sidste tip er m\u00e5ske det vigtigste. Uanset hvilket casino du v\u00e6lger at spille p\u00e5, er det vigtigt at du husker at spille ansvarligt. Nyd at spille de online casino spil, da det altid er meningen at det skal v\u00e6re en god stund.<\/p>\n","protected":false},"excerpt":{"rendered":"<p>Er du p\u00e5 udkig efter en god side p\u00e5 nettet til at spille p\u00e5 online casino? Nedenfor kan du f\u00e5 mine bedste tips og tricks til at finde frem til de bedste danske casino sider.<\/p>\n","protected":false},"author":1,"featured_media":0,"parent":0,"menu_order":0,"comment_status":"closed","ping_status":"closed","template":"","meta":[],"yoast_head":"<!-- This site is optimized with the Yoast SEO plugin v20.5 - https:\/\/yoast.com\/wordpress\/plugins\/seo\/ -->\n<title>Bedste Online Casinoer i Danmark i 2026<\/title>\n<meta name=\"description\" content=\"7 Tips til at finde frem til det bedste danske casino. \u261d L\u00e6s Cassys syv tips og tricks til at finde frem til de bedste danske online spillesider med casino i Danmark\" \/>\n<meta name=\"robots\" content=\"index, follow, max-snippet:-1, max-image-preview:large, max-video-preview:-1\" \/>\n<link rel=\"canonical\" href=\"http:\/\/www.cassybritton.com\/da\/\" \/>\n<meta property=\"og:locale\" content=\"da_DK\" \/>\n<meta property=\"og:type\" content=\"article\" \/>\n<meta property=\"og:title\" content=\"Bedste Online Casinoer i Danmark i 2026\" \/>\n<meta property=\"og:description\" content=\"7 Tips til at finde frem til det bedste danske casino. \u261d L\u00e6s Cassys syv tips og tricks til at finde frem til de bedste danske online spillesider med casino i Danmark\" \/>\n<meta property=\"og:url\" content=\"http:\/\/www.cassybritton.com\/da\/\" \/>\n<meta property=\"og:site_name\" content=\"Cassy\u2019s Tips p\u00e5 Hur man Hittar de B\u00e4sta Svenska Online Casinon\" \/>\n<meta property=\"article:modified_time\" content=\"2023-07-07T10:20:49+00:00\" \/>\n<meta property=\"og:image\" content=\"http:\/\/www.cassybritton.com\/wp-content\/uploads\/2021\/08\/Spillemyndigheden.jpg\" \/>\n<meta name=\"twitter:card\" content=\"summary_large_image\" \/>\n<meta name=\"twitter:label1\" content=\"Estimeret l\u00e6setid\" \/>\n\t<meta name=\"twitter:data1\" content=\"5 minutter\" \/>\n<script type=\"application\/ld+json\" class=\"yoast-schema-graph\">{\"@context\":\"https:\/\/schema.org\",\"@graph\":[{\"@type\":\"WebPage\",\"@id\":\"http:\/\/www.cassybritton.com\/da\/\",\"url\":\"http:\/\/www.cassybritton.com\/da\/\",\"name\":\"Bedste Online Casinoer i Danmark i 2026\",\"isPartOf\":{\"@id\":\"http:\/\/www.cassybritton.com\/da\/#website\"},\"datePublished\":\"2021-08-23T13:34:39+00:00\",\"dateModified\":\"2023-07-07T10:20:49+00:00\",\"description\":\"7 Tips til at finde frem til det bedste danske casino. \u261d L\u00e6s Cassys syv tips og tricks til at finde frem til de bedste danske online spillesider med casino i Danmark\",\"breadcrumb\":{\"@id\":\"http:\/\/www.cassybritton.com\/da\/#breadcrumb\"},\"inLanguage\":\"da-DK\",\"potentialAction\":[{\"@type\":\"ReadAction\",\"target\":[\"http:\/\/www.cassybritton.com\/da\/\"]}]},{\"@type\":\"BreadcrumbList\",\"@id\":\"http:\/\/www.cassybritton.com\/da\/#breadcrumb\",\"itemListElement\":[{\"@type\":\"ListItem\",\"position\":1,\"name\":\"Home\",\"item\":\"http:\/\/www.cassybritton.com\/da\/\"},{\"@type\":\"ListItem\",\"position\":2,\"name\":\"Cassy\u2019s tips til at finde frem til de bedste danske online casinoer\"}]},{\"@type\":\"WebSite\",\"@id\":\"http:\/\/www.cassybritton.com\/da\/#website\",\"url\":\"http:\/\/www.cassybritton.com\/da\/\",\"name\":\"Cassy\u2019s Tips p\u00e5 Hur man Hittar de B\u00e4sta Svenska Online Casinon\",\"description\":\"Att v\u00e4lja den b\u00e4sta m\u00f6jliga n\u00e4tcasinon kan vara en m\u00f6dosam och kanske rentav kr\u00e4vande uppgift, och inneb\u00e4r en hel del detektivarbete bara f\u00f6r att hitta en plats som eventuellt passar dig.\",\"publisher\":{\"@id\":\"http:\/\/www.cassybritton.com\/da\/#organization\"},\"potentialAction\":[{\"@type\":\"SearchAction\",\"target\":{\"@type\":\"EntryPoint\",\"urlTemplate\":\"http:\/\/www.cassybritton.com\/da\/?s={search_term_string}\"},\"query-input\":\"required name=search_term_string\"}],\"inLanguage\":\"da-DK\"},{\"@type\":\"Organization\",\"@id\":\"http:\/\/www.cassybritton.com\/da\/#organization\",\"name\":\"Cassy\u2019s Tips p\u00e5 Hur man Hittar de B\u00e4sta Svenska Online Casinon\",\"url\":\"http:\/\/www.cassybritton.com\/da\/\",\"logo\":{\"@type\":\"ImageObject\",\"inLanguage\":\"da-DK\",\"@id\":\"http:\/\/www.cassybritton.com\/da\/#\/schema\/logo\/image\/\",\"url\":\"http:\/\/www.cassybritton.com\/wp-content\/uploads\/2020\/07\/cropped-Logo.jpg\",\"contentUrl\":\"http:\/\/www.cassybritton.com\/wp-content\/uploads\/2020\/07\/cropped-Logo.jpg\",\"width\":265,\"height\":56,\"caption\":\"Cassy\u2019s Tips p\u00e5 Hur man Hittar de B\u00e4sta Svenska Online Casinon\"},\"image\":{\"@id\":\"http:\/\/www.cassybritton.com\/da\/#\/schema\/logo\/image\/\"}}]}<\/script>\n<!-- \/ Yoast SEO plugin. -->","yoast_head_json":{"title":"Bedste Online Casinoer i Danmark i 2026","description":"7 Tips til at finde frem til det bedste danske casino. \u261d L\u00e6s Cassys syv tips og tricks til at finde frem til de bedste danske online spillesider med casino i Danmark","robots":{"index":"index","follow":"follow","max-snippet":"max-snippet:-1","max-image-preview":"max-image-preview:large","max-video-preview":"max-video-preview:-1"},"canonical":"http:\/\/www.cassybritton.com\/da\/","og_locale":"da_DK","og_type":"article","og_title":"Bedste Online Casinoer i Danmark i 2026","og_description":"7 Tips til at finde frem til det bedste danske casino. \u261d L\u00e6s Cassys syv tips og tricks til at finde frem til de bedste danske online spillesider med casino i Danmark","og_url":"http:\/\/www.cassybritton.com\/da\/","og_site_name":"Cassy\u2019s Tips p\u00e5 Hur man Hittar de B\u00e4sta Svenska Online Casinon","article_modified_time":"2023-07-07T10:20:49+00:00","og_image":[{"url":"http:\/\/www.cassybritton.com\/wp-content\/uploads\/2021\/08\/Spillemyndigheden.jpg"}],"twitter_card":"summary_large_image","twitter_misc":{"Estimeret l\u00e6setid":"5 minutter"},"schema":{"@context":"https:\/\/schema.org","@graph":[{"@type":"WebPage","@id":"http:\/\/www.cassybritton.com\/da\/","url":"http:\/\/www.cassybritton.com\/da\/","name":"Bedste Online Casinoer i Danmark i 2026","isPartOf":{"@id":"http:\/\/www.cassybritton.com\/da\/#website"},"datePublished":"2021-08-23T13:34:39+00:00","dateModified":"2023-07-07T10:20:49+00:00","description":"7 Tips til at finde frem til det bedste danske casino. \u261d L\u00e6s Cassys syv tips og tricks til at finde frem til de bedste danske online spillesider med casino i Danmark","breadcrumb":{"@id":"http:\/\/www.cassybritton.com\/da\/#breadcrumb"},"inLanguage":"da-DK","potentialAction":[{"@type":"ReadAction","target":["http:\/\/www.cassybritton.com\/da\/"]}]},{"@type":"BreadcrumbList","@id":"http:\/\/www.cassybritton.com\/da\/#breadcrumb","itemListElement":[{"@type":"ListItem","position":1,"name":"Home","item":"http:\/\/www.cassybritton.com\/da\/"},{"@type":"ListItem","position":2,"name":"Cassy\u2019s tips til at finde frem til de bedste danske online casinoer"}]},{"@type":"WebSite","@id":"http:\/\/www.cassybritton.com\/da\/#website","url":"http:\/\/www.cassybritton.com\/da\/","name":"Cassy\u2019s Tips p\u00e5 Hur man Hittar de B\u00e4sta Svenska Online Casinon","description":"Att v\u00e4lja den b\u00e4sta m\u00f6jliga n\u00e4tcasinon kan vara en m\u00f6dosam och kanske rentav kr\u00e4vande uppgift, och inneb\u00e4r en hel del detektivarbete bara f\u00f6r att hitta en plats som eventuellt passar dig.","publisher":{"@id":"http:\/\/www.cassybritton.com\/da\/#organization"},"potentialAction":[{"@type":"SearchAction","target":{"@type":"EntryPoint","urlTemplate":"http:\/\/www.cassybritton.com\/da\/?s={search_term_string}"},"query-input":"required name=search_term_string"}],"inLanguage":"da-DK"},{"@type":"Organization","@id":"http:\/\/www.cassybritton.com\/da\/#organization","name":"Cassy\u2019s Tips p\u00e5 Hur man Hittar de B\u00e4sta Svenska Online Casinon","url":"http:\/\/www.cassybritton.com\/da\/","logo":{"@type":"ImageObject","inLanguage":"da-DK","@id":"http:\/\/www.cassybritton.com\/da\/#\/schema\/logo\/image\/","url":"http:\/\/www.cassybritton.com\/wp-content\/uploads\/2020\/07\/cropped-Logo.jpg","contentUrl":"http:\/\/www.cassybritton.com\/wp-content\/uploads\/2020\/07\/cropped-Logo.jpg","width":265,"height":56,"caption":"Cassy\u2019s Tips p\u00e5 Hur man Hittar de B\u00e4sta Svenska Online Casinon"},"image":{"@id":"http:\/\/www.cassybritton.com\/da\/#\/schema\/logo\/image\/"}}]}},"_links":{"self":[{"href":"http:\/\/www.cassybritton.com\/da\/wp-json\/wp\/v2\/pages\/106"}],"collection":[{"href":"http:\/\/www.cassybritton.com\/da\/wp-json\/wp\/v2\/pages"}],"about":[{"href":"http:\/\/www.cassybritton.com\/da\/wp-json\/wp\/v2\/types\/page"}],"author":[{"embeddable":true,"href":"http:\/\/www.cassybritton.com\/da\/wp-json\/wp\/v2\/users\/1"}],"replies":[{"embeddable":true,"href":"http:\/\/www.cassybritton.com\/da\/wp-json\/wp\/v2\/comments?post=106"}],"version-history":[{"count":5,"href":"http:\/\/www.cassybritton.com\/da\/wp-json\/wp\/v2\/pages\/106\/revisions"}],"predecessor-version":[{"id":259,"href":"http:\/\/www.cassybritton.com\/da\/wp-json\/wp\/v2\/pages\/106\/revisions\/259"}],"wp:attachment":[{"href":"http:\/\/www.cassybritton.com\/da\/wp-json\/wp\/v2\/media?parent=106"}],"curies":[{"name":"wp","href":"https:\/\/api.w.org\/{rel}","templated":true}]}}